{"id":2718,"date":"2024-03-27T14:41:02","date_gmt":"2024-03-27T05:41:02","guid":{"rendered":"https:\/\/asezstar.org\/green-school-saving\/"},"modified":"2024-12-19T16:01:28","modified_gmt":"2024-12-19T07:01:28","slug":"green-school-saving","status":"publish","type":"page","link":"https:\/\/asezstar.org\/es\/green-school-saving\/","title":{"rendered":"Escuela Verde <b>Campa\u00f1as de sostenibilidad<\/b>"},"content":{"rendered":"","protected":false},"excerpt":{"rendered":"Practicamos la protecci\u00f3n del medio ambiente, <br>comenzando por nosotros mismos y dentro de nuestras escuelas. <br>Los estudiantes lideran campa\u00f1as de sostenibilidad centradas en ahorrar agua y energ\u00eda <br>y promover un estilo de vida de bajo impacto para hacer frente al cambio clim\u00e1tico.","protected":false},"author":7,"featured_media":2719,"parent":0,"menu_order":0,"comment_status":"closed","ping_status":"closed","template":"","meta":{"footnotes":""},"class_list":["post-2718","page","type-page","status-publish","has-post-thumbnail","hentry"],"yoast_head":"<!-- This site is optimized with the Yoast SEO plugin v26.5 - https:\/\/yoast.com\/wordpress\/plugins\/seo\/ -->\n<title>Escuela Verde Campa\u00f1as de sostenibilidad - Grupo de Estudiantes Voluntarios de la Iglesia de Dios, ASEZ STAR<\/title>\n<meta name=\"description\" content=\"Practicamos la protecci\u00f3n del medio ambiente, comenzando por nosotros mismos y dentro de nuestras escuelas. Los estudiantes lideran campa\u00f1as de sostenibilidad centradas en ahorrar agua y energ\u00eda y promover un estilo de vida de bajo impacto para hacer frente al cambio clim\u00e1tico.\" \/>\n<meta name=\"robots\" content=\"index, follow, max-snippet:-1, max-image-preview:large, max-video-preview:-1\" \/>\n<link rel=\"canonical\" href=\"https:\/\/asezstar.org\/es\/green-school-saving\/\" \/>\n<meta property=\"og:locale\" content=\"es_ES\" \/>\n<meta property=\"og:type\" content=\"article\" \/>\n<meta property=\"og:title\" content=\"Escuela Verde Campa\u00f1as de sostenibilidad - Grupo de Estudiantes Voluntarios de la Iglesia de Dios, ASEZ STAR\" \/>\n<meta property=\"og:description\" content=\"Practicamos la protecci\u00f3n del medio ambiente, comenzando por nosotros mismos y dentro de nuestras escuelas. Los estudiantes lideran campa\u00f1as de sostenibilidad centradas en ahorrar agua y energ\u00eda y promover un estilo de vida de bajo impacto para hacer frente al cambio clim\u00e1tico.\" \/>\n<meta property=\"og:url\" content=\"https:\/\/asezstar.org\/es\/green-school-saving\/\" \/>\n<meta property=\"og:site_name\" content=\"Grupo de Estudiantes Voluntarios de la Iglesia de Dios, ASEZ STAR\" \/>\n<meta property=\"article:modified_time\" content=\"2024-12-19T07:01:28+00:00\" \/>\n<meta property=\"og:image\" content=\"https:\/\/asezstar.org\/wp-content\/uploads\/2024\/06\/sns_asezstar_saving.jpg\" \/>\n\t<meta property=\"og:image:width\" content=\"1200\" \/>\n\t<meta property=\"og:image:height\" content=\"630\" \/>\n\t<meta property=\"og:image:type\" content=\"image\/jpeg\" \/>\n<meta name=\"twitter:card\" content=\"summary_large_image\" \/>\n<meta name=\"twitter:label1\" content=\"Tiempo de lectura\" \/>\n\t<meta name=\"twitter:data1\" content=\"1 minuto\" \/>\n<script type=\"application\/ld+json\" class=\"yoast-schema-graph\">{\"@context\":\"https:\/\/schema.org\",\"@graph\":[{\"@type\":\"WebPage\",\"@id\":\"https:\/\/asezstar.org\/es\/green-school-saving\/\",\"url\":\"https:\/\/asezstar.org\/es\/green-school-saving\/\",\"name\":\"Escuela Verde Campa\u00f1as de sostenibilidad - Grupo de Estudiantes Voluntarios de la Iglesia de Dios, ASEZ STAR\",\"isPartOf\":{\"@id\":\"https:\/\/asezstar.org\/es\/#website\"},\"primaryImageOfPage\":{\"@id\":\"https:\/\/asezstar.org\/es\/green-school-saving\/#primaryimage\"},\"image\":{\"@id\":\"https:\/\/asezstar.org\/es\/green-school-saving\/#primaryimage\"},\"thumbnailUrl\":\"https:\/\/asezstar.org\/wp-content\/uploads\/2024\/06\/sns_asezstar_saving.jpg\",\"datePublished\":\"2024-03-27T05:41:02+00:00\",\"dateModified\":\"2024-12-19T07:01:28+00:00\",\"description\":\"Practicamos la protecci\u00f3n del medio ambiente, comenzando por nosotros mismos y dentro de nuestras escuelas. Los estudiantes lideran campa\u00f1as de sostenibilidad centradas en ahorrar agua y energ\u00eda y promover un estilo de vida de bajo impacto para hacer frente al cambio clim\u00e1tico.\",\"inLanguage\":\"es\",\"potentialAction\":[{\"@type\":\"ReadAction\",\"target\":[\"https:\/\/asezstar.org\/es\/green-school-saving\/\"]}]},{\"@type\":\"ImageObject\",\"inLanguage\":\"es\",\"@id\":\"https:\/\/asezstar.org\/es\/green-school-saving\/#primaryimage\",\"url\":\"https:\/\/asezstar.org\/wp-content\/uploads\/2024\/06\/sns_asezstar_saving.jpg\",\"contentUrl\":\"https:\/\/asezstar.org\/wp-content\/uploads\/2024\/06\/sns_asezstar_saving.jpg\",\"width\":1200,\"height\":630},{\"@type\":\"WebSite\",\"@id\":\"https:\/\/asezstar.org\/es\/#website\",\"url\":\"https:\/\/asezstar.org\/es\/\",\"name\":\"Grupo de Estudiantes Voluntarios de la Iglesia de Dios, ASEZ STAR\",\"description\":\"Grupo de Estudiantes Voluntarios de la Iglesia de Dios, ASEZ STAR\",\"potentialAction\":[{\"@type\":\"SearchAction\",\"target\":{\"@type\":\"EntryPoint\",\"urlTemplate\":\"https:\/\/asezstar.org\/es\/?s={search_term_string}\"},\"query-input\":{\"@type\":\"PropertyValueSpecification\",\"valueRequired\":true,\"valueName\":\"search_term_string\"}}],\"inLanguage\":\"es\"}]}<\/script>\n<!-- \/ Yoast SEO plugin. -->","yoast_head_json":{"title":"Escuela Verde Campa\u00f1as de sostenibilidad - Grupo de Estudiantes Voluntarios de la Iglesia de Dios, ASEZ STAR","description":"Practicamos la protecci\u00f3n del medio ambiente, comenzando por nosotros mismos y dentro de nuestras escuelas. Los estudiantes lideran campa\u00f1as de sostenibilidad centradas en ahorrar agua y energ\u00eda y promover un estilo de vida de bajo impacto para hacer frente al cambio clim\u00e1tico.","robots":{"index":"index","follow":"follow","max-snippet":"max-snippet:-1","max-image-preview":"max-image-preview:large","max-video-preview":"max-video-preview:-1"},"canonical":"https:\/\/asezstar.org\/es\/green-school-saving\/","og_locale":"es_ES","og_type":"article","og_title":"Escuela Verde Campa\u00f1as de sostenibilidad - Grupo de Estudiantes Voluntarios de la Iglesia de Dios, ASEZ STAR","og_description":"Practicamos la protecci\u00f3n del medio ambiente, comenzando por nosotros mismos y dentro de nuestras escuelas. Los estudiantes lideran campa\u00f1as de sostenibilidad centradas en ahorrar agua y energ\u00eda y promover un estilo de vida de bajo impacto para hacer frente al cambio clim\u00e1tico.","og_url":"https:\/\/asezstar.org\/es\/green-school-saving\/","og_site_name":"Grupo de Estudiantes Voluntarios de la Iglesia de Dios, ASEZ STAR","article_modified_time":"2024-12-19T07:01:28+00:00","og_image":[{"width":1200,"height":630,"url":"https:\/\/asezstar.org\/wp-content\/uploads\/2024\/06\/sns_asezstar_saving.jpg","type":"image\/jpeg"}],"twitter_card":"summary_large_image","twitter_misc":{"Tiempo de lectura":"1 minuto"},"schema":{"@context":"https:\/\/schema.org","@graph":[{"@type":"WebPage","@id":"https:\/\/asezstar.org\/es\/green-school-saving\/","url":"https:\/\/asezstar.org\/es\/green-school-saving\/","name":"Escuela Verde Campa\u00f1as de sostenibilidad - Grupo de Estudiantes Voluntarios de la Iglesia de Dios, ASEZ STAR","isPartOf":{"@id":"https:\/\/asezstar.org\/es\/#website"},"primaryImageOfPage":{"@id":"https:\/\/asezstar.org\/es\/green-school-saving\/#primaryimage"},"image":{"@id":"https:\/\/asezstar.org\/es\/green-school-saving\/#primaryimage"},"thumbnailUrl":"https:\/\/asezstar.org\/wp-content\/uploads\/2024\/06\/sns_asezstar_saving.jpg","datePublished":"2024-03-27T05:41:02+00:00","dateModified":"2024-12-19T07:01:28+00:00","description":"Practicamos la protecci\u00f3n del medio ambiente, comenzando por nosotros mismos y dentro de nuestras escuelas. Los estudiantes lideran campa\u00f1as de sostenibilidad centradas en ahorrar agua y energ\u00eda y promover un estilo de vida de bajo impacto para hacer frente al cambio clim\u00e1tico.","inLanguage":"es","potentialAction":[{"@type":"ReadAction","target":["https:\/\/asezstar.org\/es\/green-school-saving\/"]}]},{"@type":"ImageObject","inLanguage":"es","@id":"https:\/\/asezstar.org\/es\/green-school-saving\/#primaryimage","url":"https:\/\/asezstar.org\/wp-content\/uploads\/2024\/06\/sns_asezstar_saving.jpg","contentUrl":"https:\/\/asezstar.org\/wp-content\/uploads\/2024\/06\/sns_asezstar_saving.jpg","width":1200,"height":630},{"@type":"WebSite","@id":"https:\/\/asezstar.org\/es\/#website","url":"https:\/\/asezstar.org\/es\/","name":"Grupo de Estudiantes Voluntarios de la Iglesia de Dios, ASEZ STAR","description":"Grupo de Estudiantes Voluntarios de la Iglesia de Dios, ASEZ STAR","potentialAction":[{"@type":"SearchAction","target":{"@type":"EntryPoint","urlTemplate":"https:\/\/asezstar.org\/es\/?s={search_term_string}"},"query-input":{"@type":"PropertyValueSpecification","valueRequired":true,"valueName":"search_term_string"}}],"inLanguage":"es"}]}},"_links":{"self":[{"href":"https:\/\/asezstar.org\/es\/wp-json\/wp\/v2\/pages\/2718","targetHints":{"allow":["GET"]}}],"collection":[{"href":"https:\/\/asezstar.org\/es\/wp-json\/wp\/v2\/pages"}],"about":[{"href":"https:\/\/asezstar.org\/es\/wp-json\/wp\/v2\/types\/page"}],"author":[{"embeddable":true,"href":"https:\/\/asezstar.org\/es\/wp-json\/wp\/v2\/users\/7"}],"replies":[{"embeddable":true,"href":"https:\/\/asezstar.org\/es\/wp-json\/wp\/v2\/comments?post=2718"}],"version-history":[{"count":4,"href":"https:\/\/asezstar.org\/es\/wp-json\/wp\/v2\/pages\/2718\/revisions"}],"predecessor-version":[{"id":2872,"href":"https:\/\/asezstar.org\/es\/wp-json\/wp\/v2\/pages\/2718\/revisions\/2872"}],"wp:featuredmedia":[{"embeddable":true,"href":"https:\/\/asezstar.org\/es\/wp-json\/wp\/v2\/media\/2719"}],"wp:attachment":[{"href":"https:\/\/asezstar.org\/es\/wp-json\/wp\/v2\/media?parent=2718"}],"curies":[{"name":"wp","href":"https:\/\/api.w.org\/{rel}","templated":true}]}}